{"id":1852,"date":"2026-01-19T14:25:22","date_gmt":"2026-01-19T14:25:22","guid":{"rendered":"https:\/\/rixtoolsdev.de\/company\/other-rix-tools-companies\/"},"modified":"2026-01-30T22:23:27","modified_gmt":"2026-01-30T22:23:27","slug":"other-rix-tools-companies","status":"publish","type":"page","link":"https:\/\/rixtoolsdev.de\/en\/company\/other-rix-tools-companies\/","title":{"rendered":"Other Rix Tools Companies"},"content":{"rendered":"\n<div style=\"\" class=\"wp-block-group alignfull has-global-padding is-layout-constrained wp-block-group-is-layout-constrained\">\n<div class=\"wp-block-group alignfull breadcrumb-light has-global-padding is-layout-constrained wp-container-core-group-is-layout-3b0f2f7d wp-block-group-is-layout-constrained\" style=\"padding-right:20px;padding-left:20px; \">\n<div style=\"\" class=\"wp-block-group has-global-padding is-layout-constrained wp-block-group-is-layout-constrained\"><div class=\"breadcrumbs align  wp-block-bcn-breadcrumb-trail has-text-color has-background\" vocab=\"https:\/\/schema.org\/\" typeof=\"BreadcrumbList\">\n\t<span><\/span>\n\t<span property=\"itemListElement\" typeof=\"ListItem\"><a property=\"item\" typeof=\"WebPage\" title=\"Gehe zu rix-tools.\" href=\"https:\/\/rixtoolsdev.de\/en\/\" class=\"home\" aria-current=\"page\"><span property=\"name\"> Home<\/span><\/a><meta property=\"position\" content=\"1\"><\/span><\/div>\n<\/div>\n<\/div>\n\n\n\n<div class=\"wp-block-group alignfull page-header-pattern has-global-padding is-layout-constrained wp-container-core-group-is-layout-3b0f2f7d wp-block-group-is-layout-constrained\" style=\"padding-right:20px;padding-left:20px; \">\n<div class=\"wp-block-columns is-not-stacked-on-mobile is-layout-flex wp-container-core-columns-is-layout-28f84493 wp-block-columns-is-layout-flex\">\n<div class=\"wp-block-column column-1 is-layout-flow wp-block-column-is-layout-flow\">\n<div style=\"\" class=\"wp-block-group has-global-padding is-content-justification-left is-layout-constrained wp-container-core-group-is-layout-9a551769 wp-block-group-is-layout-constrained fade-in-up\">\n<div style=\"height:180px\" aria-hidden=\"true\" class=\"wp-block-spacer\"><\/div>\n\n\n\n<h1 class=\"wp-block-heading\" style=\"margin-bottom:30px;line-height:1.2\">Other Rix Tools Companies<\/h1>\n\n\n\n<div style=\"\" class=\"wp-block-group has-global-padding is-content-justification-left is-layout-constrained wp-container-core-group-is-layout-dc37ffa9 wp-block-group-is-layout-constrained\">\n<p>EN Die RiX Unternehmen vereinen Erfahrung, Pr\u00e4zision und Innovationskraft unter einem Dach. Unsere spezialisierten Partnerunternehmen erg\u00e4nzen das Produktportfolio mit Know-how in Fertigung, Entwicklung und Service \u2013 f\u00fcr L\u00f6sungen, die weit \u00fcber das Standardwerkzeug hinausgehen. <\/p>\n<\/div>\n<\/div>\n<\/div>\n\n\n\n<div class=\"wp-block-column column-2 is-layout-flow wp-block-column-is-layout-flow\">\n<div style=\"\" class=\"wp-block-group has-global-padding is-layout-constrained wp-block-group-is-layout-constrained fade-in-up-250\">\n<figure class=\"wp-block-image size-large\"><img loading=\"lazy\" decoding=\"async\" width=\"360\" height=\"224\" src=\"https:\/\/rixtoolsdev.de\/wp-content\/uploads\/2026\/01\/Group-62.svg\" alt=\"\" class=\"wp-image-541\"\/><\/figure>\n<\/div>\n<\/div>\n<\/div>\n<\/div>\n\n\n\n<div style=\"height:250px\" aria-hidden=\"true\" class=\"wp-block-spacer\"><\/div>\n\n\n\n<div class=\"wp-block-group alignfull grid-companies-pattern has-global-padding is-layout-constrained wp-container-core-group-is-layout-3b0f2f7d wp-block-group-is-layout-constrained fade-in-up\" style=\"padding-right:20px;padding-left:20px; \">\n<div style=\"\" class=\"wp-block-group grid-companies is-nowrap is-layout-flex wp-container-core-group-is-layout-5f465610 wp-block-group-is-layout-flex\">\n<div style=\"\" class=\"wp-block-group has-global-padding is-layout-constrained wp-block-group-is-layout-constrained\">\n<div class=\"wp-block-columns is-not-stacked-on-mobile is-layout-flex wp-container-core-columns-is-layout-9cf8123d wp-block-columns-is-layout-flex\">\n<div class=\"wp-block-column is-layout-flow wp-block-column-is-layout-flow\" style=\"flex-basis:160px\">\n<figure class=\"wp-block-image size-large\"><img loading=\"lazy\" decoding=\"async\" width=\"160\" height=\"168\" src=\"https:\/\/rixtoolsdev.de\/wp-content\/uploads\/2026\/01\/Ebene_1-1.svg\" alt=\"\" class=\"wp-image-548\"\/><\/figure>\n<\/div>\n\n\n\n<div class=\"wp-block-column is-layout-flow wp-block-column-is-layout-flow\">\n<div style=\"\" class=\"wp-block-group company-pattern has-global-padding is-content-justification-left is-layout-constrained wp-container-core-group-is-layout-d5209ea4 wp-block-group-is-layout-constrained\">\n<p class=\"has-poppins-font-family\" style=\"font-size:clamp(15.747px, 0.984rem + ((1vw - 3.2px) * 0.699), 24px);\">S\u00e4gen Mehring<\/p>\n\n\n\n<p style=\"margin-top:12px;margin-bottom:12px\">Kurzer Beschreibungstext, was das Unternehmen macht und in welchem Land es operiert.<\/p>\n\n\n\n<div class=\"wp-block-buttons is-layout-flex wp-block-buttons-is-layout-flex\">\n<div class=\"wp-block-button has-custom-width wp-block-button__width-100 is-style-button-new-tab\"><a class=\"wp-block-button__link has-black-color has-transparent-background-color has-text-color has-background has-link-color wp-element-button\" href=\"https:\/\/www.saegen-mehring.de\" style=\"padding-right:0;padding-left:0\" target=\"_blank\" rel=\"noreferrer noopener\">www.saegen-mehring.de<\/a><\/div>\n<\/div>\n<\/div>\n<\/div>\n<\/div>\n<\/div>\n\n\n\n<div style=\"\" class=\"wp-block-group has-global-padding is-layout-constrained wp-block-group-is-layout-constrained\">\n<div class=\"wp-block-columns is-not-stacked-on-mobile is-layout-flex wp-container-core-columns-is-layout-9cf8123d wp-block-columns-is-layout-flex\">\n<div class=\"wp-block-column is-layout-flow wp-block-column-is-layout-flow\" style=\"flex-basis:160px\">\n<figure class=\"wp-block-image size-large\"><img loading=\"lazy\" decoding=\"async\" width=\"160\" height=\"168\" src=\"https:\/\/rixtoolsdev.de\/wp-content\/uploads\/2026\/01\/Ebene_1-1.svg\" alt=\"\" class=\"wp-image-548\"\/><\/figure>\n<\/div>\n\n\n\n<div class=\"wp-block-column is-layout-flow wp-block-column-is-layout-flow\">\n<div style=\"\" class=\"wp-block-group company-pattern has-global-padding is-content-justification-left is-layout-constrained wp-container-core-group-is-layout-d5209ea4 wp-block-group-is-layout-constrained\">\n<p class=\"has-poppins-font-family\" style=\"font-size:clamp(15.747px, 0.984rem + ((1vw - 3.2px) * 0.699), 24px);\">Rix Rail<\/p>\n\n\n\n<p style=\"margin-top:12px;margin-bottom:12px\">Kurzer Beschreibungstext, was das Unternehmen macht und in welchem Land es operiert.<\/p>\n\n\n\n<div class=\"wp-block-buttons is-layout-flex wp-block-buttons-is-layout-flex\">\n<div class=\"wp-block-button has-custom-width wp-block-button__width-100 is-style-button-new-tab\"><a class=\"wp-block-button__link has-black-color has-transparent-background-color has-text-color has-background has-link-color wp-element-button\" href=\"https:\/\/www.saegen-mehring.de\" style=\"padding-right:0;padding-left:0\" target=\"_blank\" rel=\"noreferrer noopener\">www.saegen-mehring.de<\/a><\/div>\n<\/div>\n<\/div>\n<\/div>\n<\/div>\n<\/div>\n\n\n\n<div style=\"\" class=\"wp-block-group has-global-padding is-layout-constrained wp-block-group-is-layout-constrained\">\n<div class=\"wp-block-columns is-not-stacked-on-mobile is-layout-flex wp-container-core-columns-is-layout-9cf8123d wp-block-columns-is-layout-flex\">\n<div class=\"wp-block-column is-layout-flow wp-block-column-is-layout-flow\" style=\"flex-basis:160px\">\n<figure class=\"wp-block-image size-large\"><img loading=\"lazy\" decoding=\"async\" width=\"160\" height=\"168\" src=\"https:\/\/rixtoolsdev.de\/wp-content\/uploads\/2026\/01\/Ebene_1-1.svg\" alt=\"\" class=\"wp-image-548\"\/><\/figure>\n<\/div>\n\n\n\n<div class=\"wp-block-column is-layout-flow wp-block-column-is-layout-flow\">\n<div style=\"\" class=\"wp-block-group company-pattern has-global-padding is-content-justification-left is-layout-constrained wp-container-core-group-is-layout-d5209ea4 wp-block-group-is-layout-constrained\">\n<p class=\"has-poppins-font-family\" style=\"font-size:clamp(15.747px, 0.984rem + ((1vw - 3.2px) * 0.699), 24px);\">Mehring AG<\/p>\n\n\n\n<p style=\"margin-top:12px;margin-bottom:12px\">Kurzer Beschreibungstext, was das Unternehmen macht und in welchem Land es operiert.<\/p>\n\n\n\n<div class=\"wp-block-buttons is-layout-flex wp-block-buttons-is-layout-flex\">\n<div class=\"wp-block-button has-custom-width wp-block-button__width-100 is-style-button-new-tab\"><a class=\"wp-block-button__link has-black-color has-transparent-background-color has-text-color has-background has-link-color wp-element-button\" href=\"httpss:\/\/www.mehring.ch\/\" style=\"padding-right:0;padding-left:0\" target=\"_blank\" rel=\"noreferrer noopener\">www.mehring.ch<\/a><\/div>\n<\/div>\n<\/div>\n<\/div>\n<\/div>\n<\/div>\n\n\n\n<div style=\"\" class=\"wp-block-group has-global-padding is-layout-constrained wp-block-group-is-layout-constrained\">\n<div class=\"wp-block-columns is-not-stacked-on-mobile is-layout-flex wp-container-core-columns-is-layout-9cf8123d wp-block-columns-is-layout-flex\">\n<div class=\"wp-block-column is-layout-flow wp-block-column-is-layout-flow\" style=\"flex-basis:160px\">\n<figure class=\"wp-block-image size-large\"><img loading=\"lazy\" decoding=\"async\" width=\"160\" height=\"168\" src=\"https:\/\/rixtoolsdev.de\/wp-content\/uploads\/2026\/01\/Ebene_1-1.svg\" alt=\"\" class=\"wp-image-548\"\/><\/figure>\n<\/div>\n\n\n\n<div class=\"wp-block-column is-layout-flow wp-block-column-is-layout-flow\">\n<div style=\"\" class=\"wp-block-group company-pattern has-global-padding is-content-justification-left is-layout-constrained wp-container-core-group-is-layout-d5209ea4 wp-block-group-is-layout-constrained\">\n<p class=\"has-poppins-font-family\" style=\"font-size:clamp(15.747px, 0.984rem + ((1vw - 3.2px) * 0.699), 24px);\">Rix Tools UK<\/p>\n\n\n\n<p style=\"margin-top:12px;margin-bottom:12px\">Kurzer Beschreibungstext, was das Unternehmen macht und in welchem Land es operiert.<\/p>\n\n\n\n<div class=\"wp-block-buttons is-layout-flex wp-block-buttons-is-layout-flex\">\n<div class=\"wp-block-button has-custom-width wp-block-button__width-100 is-style-button-new-tab\"><a class=\"wp-block-button__link has-black-color has-transparent-background-color has-text-color has-background has-link-color wp-element-button\" href=\"httpss:\/\/www.alfra.co.uk\/\" style=\"padding-right:0;padding-left:0\" target=\"_blank\" rel=\"noreferrer noopener\">www.alfra.co.uk<\/a><\/div>\n<\/div>\n<\/div>\n<\/div>\n<\/div>\n<\/div>\n\n\n\n<div style=\"\" class=\"wp-block-group has-global-padding is-layout-constrained wp-block-group-is-layout-constrained\">\n<div class=\"wp-block-columns is-not-stacked-on-mobile is-layout-flex wp-container-core-columns-is-layout-9cf8123d wp-block-columns-is-layout-flex\">\n<div class=\"wp-block-column is-layout-flow wp-block-column-is-layout-flow\" style=\"flex-basis:160px\">\n<figure class=\"wp-block-image size-large\"><img loading=\"lazy\" decoding=\"async\" width=\"160\" height=\"168\" src=\"https:\/\/rixtoolsdev.de\/wp-content\/uploads\/2026\/01\/Ebene_1-1.svg\" alt=\"\" class=\"wp-image-548\"\/><\/figure>\n<\/div>\n\n\n\n<div class=\"wp-block-column is-layout-flow wp-block-column-is-layout-flow\">\n<div style=\"\" class=\"wp-block-group company-pattern has-global-padding is-content-justification-left is-layout-constrained wp-container-core-group-is-layout-d5209ea4 wp-block-group-is-layout-constrained\">\n<p class=\"has-poppins-font-family\" style=\"font-size:clamp(15.747px, 0.984rem + ((1vw - 3.2px) * 0.699), 24px);\">Rix Tools USA<\/p>\n\n\n\n<p style=\"margin-top:12px;margin-bottom:12px\">Kurzer Beschreibungstext, was das Unternehmen macht und in welchem Land es operiert.<\/p>\n\n\n\n<div class=\"wp-block-buttons is-layout-flex wp-block-buttons-is-layout-flex\">\n<div class=\"wp-block-button has-custom-width wp-block-button__width-100 is-style-button-new-tab\"><a class=\"wp-block-button__link has-black-color has-transparent-background-color has-text-color has-background has-link-color wp-element-button\" href=\"https:\/\/www.saegen-mehring.de\" style=\"padding-right:0;padding-left:0\" target=\"_blank\" rel=\"noreferrer noopener\">www.saegen-mehring.de<\/a><\/div>\n<\/div>\n<\/div>\n<\/div>\n<\/div>\n<\/div>\n\n\n\n<div style=\"\" class=\"wp-block-group has-global-padding is-layout-constrained wp-block-group-is-layout-constrained\">\n<div class=\"wp-block-columns is-not-stacked-on-mobile is-layout-flex wp-container-core-columns-is-layout-9cf8123d wp-block-columns-is-layout-flex\">\n<div class=\"wp-block-column is-layout-flow wp-block-column-is-layout-flow\" style=\"flex-basis:160px\">\n<figure class=\"wp-block-image size-large\"><img loading=\"lazy\" decoding=\"async\" width=\"160\" height=\"179\" src=\"https:\/\/rixtoolsdev.de\/wp-content\/uploads\/2026\/01\/SAWREX-1.svg\" alt=\"\" class=\"wp-image-1252\"\/><\/figure>\n<\/div>\n\n\n\n<div class=\"wp-block-column is-layout-flow wp-block-column-is-layout-flow\">\n<div style=\"\" class=\"wp-block-group company-pattern has-global-padding is-content-justification-left is-layout-constrained wp-container-core-group-is-layout-d5209ea4 wp-block-group-is-layout-constrained\">\n<p class=\"has-poppins-font-family\" style=\"font-size:clamp(15.747px, 0.984rem + ((1vw - 3.2px) * 0.699), 24px);\">Saw Rex T\u00fcrkiye<\/p>\n\n\n\n<p style=\"margin-top:12px;margin-bottom:12px\">Kurzer Beschreibungstext, was das Unternehmen macht und in welchem Land es operiert.<\/p>\n\n\n\n<div class=\"wp-block-buttons is-layout-flex wp-block-buttons-is-layout-flex\">\n<div class=\"wp-block-button has-custom-width wp-block-button__width-100 is-style-button-new-tab\"><a class=\"wp-block-button__link has-black-color has-transparent-background-color has-text-color has-background has-link-color wp-element-button\" href=\"httpss:\/\/www.sawrex.com\/\" style=\"padding-right:0;padding-left:0\" target=\"_blank\" rel=\"noreferrer noopener\">www.sawrex.com<\/a><\/div>\n<\/div>\n<\/div>\n<\/div>\n<\/div>\n<\/div>\n<\/div>\n<\/div>\n\n\n\n<div style=\"height:250px\" aria-hidden=\"true\" class=\"wp-block-spacer\"><\/div>\n\n\n\n<div class=\"wp-block-group alignfull newsletter-section has-global-padding is-layout-constrained wp-container-core-group-is-layout-3b0f2f7d wp-block-group-is-layout-constrained\" style=\"padding-right:20px;padding-left:20px; \">\n<div style=\"\" class=\"wp-block-group has-global-padding is-layout-constrained wp-block-group-is-layout-constrained\"><div class=\"breakpoint-600 frontend-view wp-block-create-block-desktop-mobile-block\">\n    \n\n<div style=\"\" class=\"wp-block-group desktop-layout has-global-padding is-layout-constrained wp-block-group-is-layout-constrained\">\n<div style=\"height:300px\" aria-hidden=\"true\" class=\"wp-block-spacer\"><\/div>\n<\/div>\n\n\n\n<div style=\"\" class=\"wp-block-group mobile-layout is-layout-flow wp-block-group-is-layout-flow\">\n<div style=\"height:200px\" aria-hidden=\"true\" class=\"wp-block-spacer\"><\/div>\n<\/div>\n\n<\/div>\n\n\n<div style=\"\" class=\"wp-block-group has-global-padding is-layout-constrained wp-block-group-is-layout-constrained fade-in-up\">\n<p class=\"has-text-align-center has-poppins-font-family\" style=\"font-size:clamp(24.034px, 1.502rem + ((1vw - 3.2px) * 1.353), 40px);\">Always up to date<\/p>\n\n\n\n<div class=\"wp-block-group has-global-padding is-layout-constrained wp-container-core-group-is-layout-214055c0 wp-block-group-is-layout-constrained\" style=\"margin-bottom:40px; \">\n<p class=\"has-text-align-center\">With our newsletter, you\u2019ll stay informed about the latest news from the world of Rix Tools. Whether it\u2019s new products, technical updates, or company information \u2014 we keep you reliably up to date.<br\/>Sign up and never miss an important update again.  <\/p>\n<\/div>\n\n\n\n<div style=\"\" class=\"wp-block-group has-global-padding is-layout-constrained wp-block-group-is-layout-constrained\">\n<p class=\"has-text-align-center has-red-color has-text-color has-link-color wp-elements-dec181de803039381393c8b357c6708c\"><strong>NEWSLETTER PLACEHOLDER<\/strong><\/p>\n<\/div>\n<\/div>\n\n\n<div class=\"breakpoint-600 frontend-view wp-block-create-block-desktop-mobile-block\">\n    \n\n<div style=\"\" class=\"wp-block-group desktop-layout has-global-padding is-layout-constrained wp-block-group-is-layout-constrained\">\n<div style=\"height:300px\" aria-hidden=\"true\" class=\"wp-block-spacer\"><\/div>\n<\/div>\n\n\n\n<div style=\"\" class=\"wp-block-group mobile-layout is-layout-flow wp-block-group-is-layout-flow\">\n<div style=\"height:200px\" aria-hidden=\"true\" class=\"wp-block-spacer\"><\/div>\n<\/div>\n\n<\/div><\/div>\n<\/div>\n<\/div>\n","protected":false},"excerpt":{"rendered":"<p>Other Rix Tools Companies EN Die RiX Unternehmen vereinen Erfahrung, Pr\u00e4zision und Innovationskraft unter einem Dach. Unsere spezialisierten Partnerunternehmen erg\u00e4nzen das Produktportfolio mit Know-how in Fertigung, Entwicklung und Service \u2013 f\u00fcr L\u00f6sungen, die weit \u00fcber das Standardwerkzeug hinausgehen. S\u00e4gen Mehring Kurzer Beschreibungstext, was das Unternehmen macht und in welchem Land es operiert. Rix Rail Kurzer [&hellip;]<\/p>\n","protected":false},"author":6,"featured_media":0,"parent":101,"menu_order":0,"comment_status":"closed","ping_status":"closed","template":"","meta":{"_acf_changed":false,"inline_featured_image":false,"footnotes":""},"class_list":["post-1852","page","type-page","status-publish","hentry"],"acf":[],"yoast_head":"<!-- This site is optimized with the Yoast SEO plugin v27.3 - https:\/\/yoast.com\/product\/yoast-seo-wordpress\/ -->\n<title>Other Rix Tools Companies - rix-tools<\/title>\n<meta name=\"robots\" content=\"index, follow, max-snippet:-1, max-image-preview:large, max-video-preview:-1\" \/>\n<link rel=\"canonical\" href=\"https:\/\/rixtoolsdev.de\/en\/company\/other-rix-tools-companies\/\" \/>\n<meta property=\"og:locale\" content=\"en_US\" \/>\n<meta property=\"og:type\" content=\"article\" \/>\n<meta property=\"og:title\" content=\"Other Rix Tools Companies - rix-tools\" \/>\n<meta property=\"og:description\" content=\"Other Rix Tools Companies EN Die RiX Unternehmen vereinen Erfahrung, Pr\u00e4zision und Innovationskraft unter einem Dach. Unsere spezialisierten Partnerunternehmen erg\u00e4nzen das Produktportfolio mit Know-how in Fertigung, Entwicklung und Service \u2013 f\u00fcr L\u00f6sungen, die weit \u00fcber das Standardwerkzeug hinausgehen. S\u00e4gen Mehring Kurzer Beschreibungstext, was das Unternehmen macht und in welchem Land es operiert. Rix Rail Kurzer [&hellip;]\" \/>\n<meta property=\"og:url\" content=\"https:\/\/rixtoolsdev.de\/en\/company\/other-rix-tools-companies\/\" \/>\n<meta property=\"og:site_name\" content=\"rix-tools\" \/>\n<meta property=\"article:modified_time\" content=\"2026-01-30T22:23:27+00:00\" \/>\n<meta name=\"twitter:card\" content=\"summary_large_image\" \/>\n<meta name=\"twitter:label1\" content=\"Est. reading time\" \/>\n\t<meta name=\"twitter:data1\" content=\"1 minute\" \/>\n<script type=\"application\/ld+json\" class=\"yoast-schema-graph\">{\"@context\":\"https:\\\/\\\/schema.org\",\"@graph\":[{\"@type\":\"WebPage\",\"@id\":\"https:\\\/\\\/rixtoolsdev.de\\\/en\\\/company\\\/other-rix-tools-companies\\\/\",\"url\":\"https:\\\/\\\/rixtoolsdev.de\\\/en\\\/company\\\/other-rix-tools-companies\\\/\",\"name\":\"Other Rix Tools Companies - rix-tools\",\"isPartOf\":{\"@id\":\"#website\"},\"primaryImageOfPage\":{\"@id\":\"https:\\\/\\\/rixtoolsdev.de\\\/en\\\/company\\\/other-rix-tools-companies\\\/#primaryimage\"},\"image\":{\"@id\":\"https:\\\/\\\/rixtoolsdev.de\\\/en\\\/company\\\/other-rix-tools-companies\\\/#primaryimage\"},\"thumbnailUrl\":\"https:\\\/\\\/rixtoolsdev.de\\\/wp-content\\\/uploads\\\/2026\\\/01\\\/Group-62.svg\",\"datePublished\":\"2026-01-19T14:25:22+00:00\",\"dateModified\":\"2026-01-30T22:23:27+00:00\",\"breadcrumb\":{\"@id\":\"https:\\\/\\\/rixtoolsdev.de\\\/en\\\/company\\\/other-rix-tools-companies\\\/#breadcrumb\"},\"inLanguage\":\"en-US\",\"potentialAction\":[{\"@type\":\"ReadAction\",\"target\":[\"https:\\\/\\\/rixtoolsdev.de\\\/en\\\/company\\\/other-rix-tools-companies\\\/\"]}]},{\"@type\":\"ImageObject\",\"inLanguage\":\"en-US\",\"@id\":\"https:\\\/\\\/rixtoolsdev.de\\\/en\\\/company\\\/other-rix-tools-companies\\\/#primaryimage\",\"url\":\"https:\\\/\\\/rixtoolsdev.de\\\/wp-content\\\/uploads\\\/2026\\\/01\\\/Group-62.svg\",\"contentUrl\":\"https:\\\/\\\/rixtoolsdev.de\\\/wp-content\\\/uploads\\\/2026\\\/01\\\/Group-62.svg\"},{\"@type\":\"BreadcrumbList\",\"@id\":\"https:\\\/\\\/rixtoolsdev.de\\\/en\\\/company\\\/other-rix-tools-companies\\\/#breadcrumb\",\"itemListElement\":[{\"@type\":\"ListItem\",\"position\":1,\"name\":\"Home\",\"item\":\"https:\\\/\\\/rixtoolsdev.de\\\/en\\\/\"},{\"@type\":\"ListItem\",\"position\":2,\"name\":\"Company\",\"item\":\"https:\\\/\\\/rixtoolsdev.de\\\/en\\\/company\\\/\"},{\"@type\":\"ListItem\",\"position\":3,\"name\":\"Other Rix Tools Companies\"}]},{\"@type\":\"WebSite\",\"@id\":\"#website\",\"url\":\"\",\"name\":\"rix-tools\",\"description\":\"\",\"potentialAction\":[{\"@type\":\"SearchAction\",\"target\":{\"@type\":\"EntryPoint\",\"urlTemplate\":\"?s={search_term_string}\"},\"query-input\":{\"@type\":\"PropertyValueSpecification\",\"valueRequired\":true,\"valueName\":\"search_term_string\"}}],\"inLanguage\":\"en-US\"}]}<\/script>\n<!-- \/ Yoast SEO plugin. -->","yoast_head_json":{"title":"Other Rix Tools Companies - rix-tools","robots":{"index":"index","follow":"follow","max-snippet":"max-snippet:-1","max-image-preview":"max-image-preview:large","max-video-preview":"max-video-preview:-1"},"canonical":"https:\/\/rixtoolsdev.de\/en\/company\/other-rix-tools-companies\/","og_locale":"en_US","og_type":"article","og_title":"Other Rix Tools Companies - rix-tools","og_description":"Other Rix Tools Companies EN Die RiX Unternehmen vereinen Erfahrung, Pr\u00e4zision und Innovationskraft unter einem Dach. Unsere spezialisierten Partnerunternehmen erg\u00e4nzen das Produktportfolio mit Know-how in Fertigung, Entwicklung und Service \u2013 f\u00fcr L\u00f6sungen, die weit \u00fcber das Standardwerkzeug hinausgehen. S\u00e4gen Mehring Kurzer Beschreibungstext, was das Unternehmen macht und in welchem Land es operiert. Rix Rail Kurzer [&hellip;]","og_url":"https:\/\/rixtoolsdev.de\/en\/company\/other-rix-tools-companies\/","og_site_name":"rix-tools","article_modified_time":"2026-01-30T22:23:27+00:00","twitter_card":"summary_large_image","twitter_misc":{"Est. reading time":"1 minute"},"schema":{"@context":"https:\/\/schema.org","@graph":[{"@type":"WebPage","@id":"https:\/\/rixtoolsdev.de\/en\/company\/other-rix-tools-companies\/","url":"https:\/\/rixtoolsdev.de\/en\/company\/other-rix-tools-companies\/","name":"Other Rix Tools Companies - rix-tools","isPartOf":{"@id":"#website"},"primaryImageOfPage":{"@id":"https:\/\/rixtoolsdev.de\/en\/company\/other-rix-tools-companies\/#primaryimage"},"image":{"@id":"https:\/\/rixtoolsdev.de\/en\/company\/other-rix-tools-companies\/#primaryimage"},"thumbnailUrl":"https:\/\/rixtoolsdev.de\/wp-content\/uploads\/2026\/01\/Group-62.svg","datePublished":"2026-01-19T14:25:22+00:00","dateModified":"2026-01-30T22:23:27+00:00","breadcrumb":{"@id":"https:\/\/rixtoolsdev.de\/en\/company\/other-rix-tools-companies\/#breadcrumb"},"inLanguage":"en-US","potentialAction":[{"@type":"ReadAction","target":["https:\/\/rixtoolsdev.de\/en\/company\/other-rix-tools-companies\/"]}]},{"@type":"ImageObject","inLanguage":"en-US","@id":"https:\/\/rixtoolsdev.de\/en\/company\/other-rix-tools-companies\/#primaryimage","url":"https:\/\/rixtoolsdev.de\/wp-content\/uploads\/2026\/01\/Group-62.svg","contentUrl":"https:\/\/rixtoolsdev.de\/wp-content\/uploads\/2026\/01\/Group-62.svg"},{"@type":"BreadcrumbList","@id":"https:\/\/rixtoolsdev.de\/en\/company\/other-rix-tools-companies\/#breadcrumb","itemListElement":[{"@type":"ListItem","position":1,"name":"Home","item":"https:\/\/rixtoolsdev.de\/en\/"},{"@type":"ListItem","position":2,"name":"Company","item":"https:\/\/rixtoolsdev.de\/en\/company\/"},{"@type":"ListItem","position":3,"name":"Other Rix Tools Companies"}]},{"@type":"WebSite","@id":"#website","url":"","name":"rix-tools","description":"","potentialAction":[{"@type":"SearchAction","target":{"@type":"EntryPoint","urlTemplate":"?s={search_term_string}"},"query-input":{"@type":"PropertyValueSpecification","valueRequired":true,"valueName":"search_term_string"}}],"inLanguage":"en-US"}]}},"_links":{"self":[{"href":"https:\/\/rixtoolsdev.de\/en\/wp-json\/wp\/v2\/pages\/1852","targetHints":{"allow":["GET"]}}],"collection":[{"href":"https:\/\/rixtoolsdev.de\/en\/wp-json\/wp\/v2\/pages"}],"about":[{"href":"https:\/\/rixtoolsdev.de\/en\/wp-json\/wp\/v2\/types\/page"}],"author":[{"embeddable":true,"href":"https:\/\/rixtoolsdev.de\/en\/wp-json\/wp\/v2\/users\/6"}],"replies":[{"embeddable":true,"href":"https:\/\/rixtoolsdev.de\/en\/wp-json\/wp\/v2\/comments?post=1852"}],"version-history":[{"count":3,"href":"https:\/\/rixtoolsdev.de\/en\/wp-json\/wp\/v2\/pages\/1852\/revisions"}],"predecessor-version":[{"id":1857,"href":"https:\/\/rixtoolsdev.de\/en\/wp-json\/wp\/v2\/pages\/1852\/revisions\/1857"}],"up":[{"embeddable":true,"href":"https:\/\/rixtoolsdev.de\/en\/wp-json\/wp\/v2\/pages\/101"}],"wp:attachment":[{"href":"https:\/\/rixtoolsdev.de\/en\/wp-json\/wp\/v2\/media?parent=1852"}],"curies":[{"name":"wp","href":"https:\/\/api.w.org\/{rel}","templated":true}]}}